{"id":3622,"date":"2023-02-09T17:36:03","date_gmt":"2023-02-09T17:36:03","guid":{"rendered":"https:\/\/fourelements-ecodive.com\/?page_id=3622"},"modified":"2026-04-09T08:45:40","modified_gmt":"2026-04-09T08:45:40","slug":"advanced-open-water","status":"publish","type":"page","link":"https:\/\/fourelements-ecodive.com\/en\/advanced-open-water\/","title":{"rendered":"ADVANCED WATER DIVER"},"content":{"rendered":"\t\t<div data-elementor-type=\"wp-page\" data-elementor-id=\"3622\" class=\"elementor elementor-3622\" data-elementor-post-type=\"page\">\n\t\t\t\t\t\t<section class=\"elementor-section elementor-top-section elementor-element elementor-element-89d1916 elementor-section-full_width elementor-section-height-default elementor-section-height-default\" data-id=\"89d1916\" data-element_type=\"section\" data-e-type=\"section\" data-settings=\"{&quot;background_background&quot;:&quot;slideshow&quot;,&quot;background_slideshow_gallery&quot;:[{&quot;id&quot;:4493,&quot;url&quot;:&quot;https:\\\/\\\/fourelements-ecodive.com\\\/wp-content\\\/uploads\\\/2024\\\/05\\\/IMG_1017-scaled.jpeg&quot;}],&quot;background_slideshow_ken_burns&quot;:&quot;yes&quot;,&quot;background_slideshow_loop&quot;:&quot;yes&quot;,&quot;background_slideshow_slide_duration&quot;:5000,&quot;background_slideshow_slide_transition&quot;:&quot;fade&quot;,&quot;background_slideshow_transition_duration&quot;:500,&quot;background_slideshow_ken_burns_zoom_direction&quot;:&quot;in&quot;}\">\n\t\t\t\t\t\t\t<div class=\"elementor-background-overlay\"><\/div>\n\t\t\t\t\t\t\t<div class=\"elementor-container elementor-column-gap-default\">\n\t\t\t\t\t<div class=\"elementor-column elementor-col-100 elementor-top-column elementor-element elementor-element-a38d708\" data-id=\"a38d708\" data-element_type=\"column\" data-e-type=\"column\" data-settings=\"{&quot;background_background&quot;:&quot;slideshow&quot;,&quot;background_slideshow_gallery&quot;:[],&quot;background_slideshow_loop&quot;:&quot;yes&quot;,&quot;background_slideshow_slide_duration&quot;:5000,&quot;background_slideshow_slide_transition&quot;:&quot;fade&quot;,&quot;background_slideshow_transition_duration&quot;:500}\">\n\t\t\t<div class=\"elementor-widget-wrap elementor-element-populated\">\n\t\t\t\t\t\t<div class=\"elementor-element elementor-element-1ecd146 elementor-widget elementor-widget-spacer\" data-id=\"1ecd146\" data-element_type=\"widget\" data-e-type=\"widget\" data-widget_type=\"spacer.default\">\n\t\t\t\t<div class=\"elementor-widget-container\">\n\t\t\t\t\t\t\t<div class=\"elementor-spacer\">\n\t\t\t<div class=\"elementor-spacer-inner\"><\/div>\n\t\t<\/div>\n\t\t\t\t\t\t<\/div>\n\t\t\t\t<\/div>\n\t\t\t\t<div class=\"elementor-element elementor-element-4be0f5e elementor-widget elementor-widget-heading\" data-id=\"4be0f5e\" data-element_type=\"widget\" data-e-type=\"widget\" data-widget_type=\"heading.default\">\n\t\t\t\t<div class=\"elementor-widget-container\">\n\t\t\t\t\t<h1 class=\"elementor-heading-title elementor-size-default\">Advanced Open Water Diver<\/h1>\t\t\t\t<\/div>\n\t\t\t\t<\/div>\n\t\t\t\t<div class=\"elementor-element elementor-element-17d97a8 elementor-widget elementor-widget-spacer\" data-id=\"17d97a8\" data-element_type=\"widget\" data-e-type=\"widget\" data-widget_type=\"spacer.default\">\n\t\t\t\t<div class=\"elementor-widget-container\">\n\t\t\t\t\t\t\t<div class=\"elementor-spacer\">\n\t\t\t<div class=\"elementor-spacer-inner\"><\/div>\n\t\t<\/div>\n\t\t\t\t\t\t<\/div>\n\t\t\t\t<\/div>\n\t\t\t\t\t<\/div>\n\t\t<\/div>\n\t\t\t\t\t<\/div>\n\t\t<\/section>\n\t\t\t\t<section class=\"elementor-section elementor-top-section elementor-element elementor-element-de93224 elementor-section-boxed elementor-section-height-default elementor-section-height-default\" data-id=\"de93224\" data-element_type=\"section\" data-e-type=\"section\">\n\t\t\t\t\t\t<div class=\"elementor-container elementor-column-gap-default\">\n\t\t\t\t\t<div class=\"elementor-column elementor-col-100 elementor-top-column elementor-element elementor-element-d247796\" data-id=\"d247796\" data-element_type=\"column\" data-e-type=\"column\">\n\t\t\t<div class=\"elementor-widget-wrap elementor-element-populated\">\n\t\t\t\t\t\t<div class=\"elementor-element elementor-element-5216094 elementor-widget elementor-widget-heading\" data-id=\"5216094\" data-element_type=\"widget\" data-e-type=\"widget\" data-widget_type=\"heading.default\">\n\t\t\t\t<div class=\"elementor-widget-container\">\n\t\t\t\t\t<h5 class=\"elementor-heading-title elementor-size-default\">Tu pr\u00f3xima gran aventura empieza aqu\u00ed<\/h5>\t\t\t\t<\/div>\n\t\t\t\t<\/div>\n\t\t\t\t<div class=\"elementor-element elementor-element-406ec69 elementor-widget elementor-widget-heading\" data-id=\"406ec69\" data-element_type=\"widget\" data-e-type=\"widget\" data-widget_type=\"heading.default\">\n\t\t\t\t<div class=\"elementor-widget-container\">\n\t\t\t\t\t<h2 class=\"elementor-heading-title elementor-size-default\">Cursos de buceo en Gili Air<\/h2>\t\t\t\t<\/div>\n\t\t\t\t<\/div>\n\t\t\t\t\t<\/div>\n\t\t<\/div>\n\t\t\t\t\t<\/div>\n\t\t<\/section>\n\t\t\t\t<section class=\"elementor-section elementor-top-section elementor-element elementor-element-6ffb31c elementor-section-boxed elementor-section-height-default elementor-section-height-default\" data-id=\"6ffb31c\" data-element_type=\"section\" data-e-type=\"section\">\n\t\t\t\t\t\t<div class=\"elementor-container elementor-column-gap-wide\">\n\t\t\t\t\t<div class=\"elementor-column elementor-col-100 elementor-top-column elementor-element elementor-element-7bf4ab3 elementor-invisible\" data-id=\"7bf4ab3\" data-element_type=\"column\" data-e-type=\"column\" data-settings=\"{&quot;animation&quot;:&quot;fadeInRight&quot;}\">\n\t\t\t<div class=\"elementor-widget-wrap elementor-element-populated\">\n\t\t\t\t\t\t<div class=\"elementor-element elementor-element-9eaa4ad elementor-widget elementor-widget-heading\" data-id=\"9eaa4ad\" data-element_type=\"widget\" data-e-type=\"widget\" data-widget_type=\"heading.default\">\n\t\t\t\t<div class=\"elementor-widget-container\">\n\t\t\t\t\t<h3 class=\"elementor-heading-title elementor-size-default\">Advanced Open Water Diver<\/h3>\t\t\t\t<\/div>\n\t\t\t\t<\/div>\n\t\t\t\t<div class=\"elementor-element elementor-element-a4c7bc8 elementor-widget elementor-widget-text-editor\" data-id=\"a4c7bc8\" data-element_type=\"widget\" data-e-type=\"widget\" data-widget_type=\"text-editor.default\">\n\t\t\t\t<div class=\"elementor-widget-container\">\n\t\t\t\t\t\t\t\t\t<p>El curso Advanced Open Water Diver trata de progresar en tus t\u00e9cnicas. Practicar\u00e1s navegaci\u00f3n y flotabilidad, probar\u00e1s el buceo a profundidad y har\u00e1s tres inmersiones de especialidad de tu elecci\u00f3n (es como una bandeja de muestras de especialidad). Por cada inmersi\u00f3n de especialidad que completes, puedes obtener cr\u00e9dito para conseguir certificaciones de especialidad.<\/p><p><b>Estas son algunas de las muchas opciones:<\/b><\/p><ul><li><span style=\"font-style: inherit; font-family: var( --e-global-typography-text-font-family ), Sans-serif; -webkit-text-size-adjust: 100%;\">Deep Diver (Buceo Profundo),\u00a0<\/span><\/li><li><span style=\"font-style: inherit; font-family: var( --e-global-typography-text-font-family ), Sans-serif; -webkit-text-size-adjust: 100%;\">Digital Underwater Photography (Fotograf\u00eda Digital Submarina),\u00a0<\/span><\/li><li><span style=\"font-style: inherit; font-family: var( --e-global-typography-text-font-family ), Sans-serif; -webkit-text-size-adjust: 100%;\">Dive Against Debris,\u00a0<\/span><\/li><li><span style=\"font-style: inherit; font-family: var( --e-global-typography-text-font-family ), Sans-serif; -webkit-text-size-adjust: 100%;\">Dry Suit (Traje Seco),\u00a0<\/span><\/li><li><span style=\"font-style: inherit; font-family: var( --e-global-typography-text-font-family ), Sans-serif; -webkit-text-size-adjust: 100%;\">Enriched Air Nitrox (Aire Enriquecido),\u00a0<\/span><\/li><li><span style=\"font-style: inherit; font-family: var( --e-global-typography-text-font-family ), Sans-serif; -webkit-text-size-adjust: 100%;\">Fish Identification (Identificaci\u00f3n de Peces),\u00a0<\/span><\/li><li><span style=\"font-style: inherit; font-family: var( --e-global-typography-text-font-family ), Sans-serif; -webkit-text-size-adjust: 100%;\">Night (buceo Nocturno),\u00a0<\/span><\/li><li><span style=\"font-style: inherit; font-family: var( --e-global-typography-text-font-family ), Sans-serif; -webkit-text-size-adjust: 100%;\">Peak Performance Buoyancy (M\u00e1ximo Rendimiento de Flotabilidad),\u00a0<\/span><\/li><li><span style=\"font-style: inherit; font-family: var( --e-global-typography-text-font-family ), Sans-serif; -webkit-text-size-adjust: 100%;\">Search and Recovery (B\u00fasqueda y Recuperaci\u00f3n),\u00a0<\/span><\/li><li><span style=\"font-style: inherit; font-family: var( --e-global-typography-text-font-family ), Sans-serif; -webkit-text-size-adjust: 100%;\">Underwater Naturalist (Naturalista Submarino),\u00a0<\/span><\/li><li><span style=\"font-style: inherit; font-family: var( --e-global-typography-text-font-family ), Sans-serif; -webkit-text-size-adjust: 100%;\">Underwater Navigation (Navegaci\u00f3n Submarina) y\u00a0<\/span><\/li><li><span style=\"font-style: inherit; font-family: var( --e-global-typography-text-font-family ), Sans-serif; -webkit-text-size-adjust: 100%;\">Wreck Diver (Buceo en Naufragio<\/span><span style=\"font-style: inherit; font-family: var( --e-global-typography-text-font-family ), Sans-serif; -webkit-text-size-adjust: 100%;\">).<\/span><\/li><\/ul><p>El Advanced Open Water Diver eLearning incluye lecciones interactivas sobre 13 inmersiones populares de especialidad: altitud, barco, imagen digital subacu\u00e1tica, corrientes, traje seco, identificaci\u00f3n de peces, nocturna, b\u00fasqueda y recuperaci\u00f3n, naturalista subacu\u00e1tico y buceo en pecios.<\/p><p>Estudiar\u00e1s el buceo profundo y la navegaci\u00f3n adem\u00e1s de tres especialidades de tu elecci\u00f3n.<\/p><p>El curso incluye cinco inmersiones: una inmersi\u00f3n profunda por debajo de los 18 m\/60 pies, una inmersi\u00f3n de navegaci\u00f3n, y tres inmersiones de especialidad. Obt\u00e9n experiencia, crea confianza y descubre tus capacidades de buceo.<\/p><p><strong>Prerrequisitos: <\/strong><\/p><ul><li>Open Water Diver \/ Junior Open Water Diver (o certificaci\u00f3n de calificaci\u00f3n)<\/li><li>Tiempo total de compromiso: 2-3 d\u00edas<\/li><li>Edad m\u00ednima: 12 a\u00f1os o m\u00e1s<\/li><li>Profundidad: La profundidad m\u00e1xima depende de tu edad, pero la profundidad m\u00e1xima es de hasta 30 metros\/100 pies<\/li><\/ul><p><strong>En este curso aprender\u00e1s :<\/strong><\/p><ul><li>Obt\u00e9n m\u00e1s experiencia de buceo<\/li><li>Practica la Navegaci\u00f3n<\/li><li><span style=\"font-size: 16px;\">Prueba diferentes tipos de buceo<\/span><\/li><li>Explora debajo de 18m\/60ft<\/li><li><span style=\"font-size: 16px;\">Mejora tu flotabilidad<\/span><\/li><li>Usa una br\u00fajula<\/li><\/ul>\t\t\t\t\t\t\t\t<\/div>\n\t\t\t\t<\/div>\n\t\t\t\t\t<\/div>\n\t\t<\/div>\n\t\t\t\t\t<\/div>\n\t\t<\/section>\n\t\t\t\t<section class=\"elementor-section elementor-top-section elementor-element elementor-element-42463f0 elementor-section-boxed elementor-section-height-default elementor-section-height-default\" data-id=\"42463f0\" data-element_type=\"section\" data-e-type=\"section\">\n\t\t\t\t\t\t<div class=\"elementor-container elementor-column-gap-default\">\n\t\t\t\t\t<div class=\"elementor-column elementor-col-100 elementor-top-column elementor-element elementor-element-963e8b5\" data-id=\"963e8b5\" data-element_type=\"column\" data-e-type=\"column\">\n\t\t\t<div class=\"elementor-widget-wrap elementor-element-populated\">\n\t\t\t\t\t\t<div class=\"elementor-element elementor-element-902edb2 elementor-widget elementor-widget-heading\" data-id=\"902edb2\" data-element_type=\"widget\" data-e-type=\"widget\" data-widget_type=\"heading.default\">\n\t\t\t\t<div class=\"elementor-widget-container\">\n\t\t\t\t\t<h2 class=\"elementor-heading-title elementor-size-default\">Reserva tu curso ya<\/h2>\t\t\t\t<\/div>\n\t\t\t\t<\/div>\n\t\t\t\t<div class=\"elementor-element elementor-element-c770355 elementor-widget elementor-widget-heading\" data-id=\"c770355\" data-element_type=\"widget\" data-e-type=\"widget\" data-widget_type=\"heading.default\">\n\t\t\t\t<div class=\"elementor-widget-container\">\n\t\t\t\t\t<h3 class=\"elementor-heading-title elementor-size-default\">Rp 5.400.000<\/h3>\t\t\t\t<\/div>\n\t\t\t\t<\/div>\n\t\t\t\t<div class=\"elementor-element elementor-element-bca12bf elementor-align-center elementor-widget elementor-widget-button\" data-id=\"bca12bf\" data-element_type=\"widget\" data-e-type=\"widget\" data-widget_type=\"button.default\">\n\t\t\t\t<div class=\"elementor-widget-container\">\n\t\t\t\t\t\t\t\t\t<div class=\"elementor-button-wrapper\">\n\t\t\t\t\t<a class=\"elementor-button elementor-button-link elementor-size-sm\" href=\"https:\/\/fourelements-ecodive.com\/contacto\/\">\n\t\t\t\t\t\t<span class=\"elementor-button-content-wrapper\">\n\t\t\t\t\t\t\t\t\t<span class=\"elementor-button-text\">Haz clic aqu\u00ed<\/span>\n\t\t\t\t\t<\/span>\n\t\t\t\t\t<\/a>\n\t\t\t\t<\/div>\n\t\t\t\t\t\t\t\t<\/div>\n\t\t\t\t<\/div>\n\t\t\t\t\t<\/div>\n\t\t<\/div>\n\t\t\t\t\t<\/div>\n\t\t<\/section>\n\t\t\t\t<\/div>\n\t\t","protected":false},"excerpt":{"rendered":"<p>Advanced Open Water Diver Tu pr\u00f3xima gran aventura empieza aqu\u00ed Cursos de buceo en Gili Air Advanced Open Water Diver El curso Advanced Open Water Diver trata de progresar en tus t\u00e9cnicas. Practicar\u00e1s navegaci\u00f3n y flotabilidad, probar\u00e1s el buceo a profundidad y har\u00e1s tres inmersiones de especialidad de tu elecci\u00f3n (es como una bandeja de [&hellip;]<\/p>\n","protected":false},"author":2,"featured_media":0,"parent":0,"menu_order":0,"comment_status":"closed","ping_status":"closed","template":"","meta":{"site-sidebar-layout":"no-sidebar","site-content-layout":"page-builder","ast-site-content-layout":"default","site-content-style":"default","site-sidebar-style":"default","ast-global-header-display":"","ast-banner-title-visibility":"","ast-main-header-display":"","ast-hfb-above-header-display":"","ast-hfb-below-header-display":"","ast-hfb-mobile-header-display":"","site-post-title":"disabled","ast-breadcrumbs-content":"","ast-featured-img":"disabled","footer-sml-layout":"","ast-disable-related-posts":"","theme-transparent-header-meta":"","adv-header-id-meta":"","stick-header-meta":"","header-above-stick-meta":"","header-main-stick-meta":"","header-below-stick-meta":"","astra-migrate-meta-layouts":"default","ast-page-background-enabled":"default","ast-page-background-meta":{"desktop":{"background-color":"var(--ast-global-color-4)","background-image":"","background-repeat":"repeat","background-position":"center center","background-size":"auto","background-attachment":"scroll","background-type":"","background-media":"","overlay-type":"","overlay-color":"","overlay-opacity":"","overlay-gradient":""},"tablet":{"background-color":"","background-image":"","background-repeat":"repeat","background-position":"center center","background-size":"auto","background-attachment":"scroll","background-type":"","background-media":"","overlay-type":"","overlay-color":"","overlay-opacity":"","overlay-gradient":""},"mobile":{"background-color":"","background-image":"","background-repeat":"repeat","background-position":"center center","background-size":"auto","background-attachment":"scroll","background-type":"","background-media":"","overlay-type":"","overlay-color":"","overlay-opacity":"","overlay-gradient":""}},"ast-content-background-meta":{"desktop":{"background-color":"var(--ast-global-color-5)","background-image":"","background-repeat":"repeat","background-position":"center center","background-size":"auto","background-attachment":"scroll","background-type":"","background-media":"","overlay-type":"","overlay-color":"","overlay-opacity":"","overlay-gradient":""},"tablet":{"background-color":"var(--ast-global-color-5)","background-image":"","background-repeat":"repeat","background-position":"center center","background-size":"auto","background-attachment":"scroll","background-type":"","background-media":"","overlay-type":"","overlay-color":"","overlay-opacity":"","overlay-gradient":""},"mobile":{"background-color":"var(--ast-global-color-5)","background-image":"","background-repeat":"repeat","background-position":"center center","background-size":"auto","background-attachment":"scroll","background-type":"","background-media":"","overlay-type":"","overlay-color":"","overlay-opacity":"","overlay-gradient":""}},"_joinchat":[],"footnotes":""},"class_list":["post-3622","page","type-page","status-publish","hentry"],"_links":{"self":[{"href":"https:\/\/fourelements-ecodive.com\/en\/wp-json\/wp\/v2\/pages\/3622","targetHints":{"allow":["GET"]}}],"collection":[{"href":"https:\/\/fourelements-ecodive.com\/en\/wp-json\/wp\/v2\/pages"}],"about":[{"href":"https:\/\/fourelements-ecodive.com\/en\/wp-json\/wp\/v2\/types\/page"}],"author":[{"embeddable":true,"href":"https:\/\/fourelements-ecodive.com\/en\/wp-json\/wp\/v2\/users\/2"}],"replies":[{"embeddable":true,"href":"https:\/\/fourelements-ecodive.com\/en\/wp-json\/wp\/v2\/comments?post=3622"}],"version-history":[{"count":6,"href":"https:\/\/fourelements-ecodive.com\/en\/wp-json\/wp\/v2\/pages\/3622\/revisions"}],"predecessor-version":[{"id":5656,"href":"https:\/\/fourelements-ecodive.com\/en\/wp-json\/wp\/v2\/pages\/3622\/revisions\/5656"}],"wp:attachment":[{"href":"https:\/\/fourelements-ecodive.com\/en\/wp-json\/wp\/v2\/media?parent=3622"}],"curies":[{"name":"wp","href":"https:\/\/api.w.org\/{rel}","templated":true}]}}