{"id":3687,"date":"2023-02-16T14:02:02","date_gmt":"2023-02-16T14:02:02","guid":{"rendered":"https:\/\/fourelements-ecodive.com\/?page_id=3687"},"modified":"2026-04-09T08:37:29","modified_gmt":"2026-04-09T08:37:29","slug":"nitrox","status":"publish","type":"page","link":"https:\/\/fourelements-ecodive.com\/en\/nitrox\/","title":{"rendered":"NITROX"},"content":{"rendered":"\t\t<div data-elementor-type=\"wp-page\" data-elementor-id=\"3687\" class=\"elementor elementor-3687\" data-elementor-post-type=\"page\">\n\t\t\t\t\t\t<section class=\"elementor-section elementor-top-section elementor-element elementor-element-89d1916 elementor-section-full_width elementor-section-height-default elementor-section-height-default\" data-id=\"89d1916\" data-element_type=\"section\" data-e-type=\"section\" data-settings=\"{&quot;background_background&quot;:&quot;slideshow&quot;,&quot;background_slideshow_gallery&quot;:[{&quot;id&quot;:4870,&quot;url&quot;:&quot;https:\\\/\\\/fourelements-ecodive.com\\\/wp-content\\\/uploads\\\/2024\\\/06\\\/FullSizeRender-10-scaled.jpeg&quot;}],&quot;background_slideshow_ken_burns&quot;:&quot;yes&quot;,&quot;background_slideshow_slide_duration&quot;:5000,&quot;background_slideshow_slide_transition&quot;:&quot;fade&quot;,&quot;background_slideshow_transition_duration&quot;:500,&quot;background_slideshow_ken_burns_zoom_direction&quot;:&quot;in&quot;}\">\n\t\t\t\t\t\t\t<div class=\"elementor-background-overlay\"><\/div>\n\t\t\t\t\t\t\t<div class=\"elementor-container elementor-column-gap-default\">\n\t\t\t\t\t<div class=\"elementor-column elementor-col-100 elementor-top-column elementor-element elementor-element-a38d708\" data-id=\"a38d708\" data-element_type=\"column\" data-e-type=\"column\" data-settings=\"{&quot;background_background&quot;:&quot;slideshow&quot;,&quot;background_slideshow_gallery&quot;:[],&quot;background_slideshow_loop&quot;:&quot;yes&quot;,&quot;background_slideshow_slide_duration&quot;:5000,&quot;background_slideshow_slide_transition&quot;:&quot;fade&quot;,&quot;background_slideshow_transition_duration&quot;:500}\">\n\t\t\t<div class=\"elementor-widget-wrap elementor-element-populated\">\n\t\t\t\t\t\t<div class=\"elementor-element elementor-element-1ecd146 elementor-widget elementor-widget-spacer\" data-id=\"1ecd146\" data-element_type=\"widget\" data-e-type=\"widget\" data-widget_type=\"spacer.default\">\n\t\t\t\t<div class=\"elementor-widget-container\">\n\t\t\t\t\t\t\t<div class=\"elementor-spacer\">\n\t\t\t<div class=\"elementor-spacer-inner\"><\/div>\n\t\t<\/div>\n\t\t\t\t\t\t<\/div>\n\t\t\t\t<\/div>\n\t\t\t\t<div class=\"elementor-element elementor-element-4be0f5e elementor-widget elementor-widget-heading\" data-id=\"4be0f5e\" data-element_type=\"widget\" data-e-type=\"widget\" data-widget_type=\"heading.default\">\n\t\t\t\t<div class=\"elementor-widget-container\">\n\t\t\t\t\t<h1 class=\"elementor-heading-title elementor-size-default\">Nitrox Diver<\/h1>\t\t\t\t<\/div>\n\t\t\t\t<\/div>\n\t\t\t\t<div class=\"elementor-element elementor-element-17d97a8 elementor-widget elementor-widget-spacer\" data-id=\"17d97a8\" data-element_type=\"widget\" data-e-type=\"widget\" data-widget_type=\"spacer.default\">\n\t\t\t\t<div class=\"elementor-widget-container\">\n\t\t\t\t\t\t\t<div class=\"elementor-spacer\">\n\t\t\t<div class=\"elementor-spacer-inner\"><\/div>\n\t\t<\/div>\n\t\t\t\t\t\t<\/div>\n\t\t\t\t<\/div>\n\t\t\t\t\t<\/div>\n\t\t<\/div>\n\t\t\t\t\t<\/div>\n\t\t<\/section>\n\t\t\t\t<section class=\"elementor-section elementor-top-section elementor-element elementor-element-de93224 elementor-section-boxed elementor-section-height-default elementor-section-height-default\" data-id=\"de93224\" data-element_type=\"section\" data-e-type=\"section\">\n\t\t\t\t\t\t<div class=\"elementor-container elementor-column-gap-default\">\n\t\t\t\t\t<div class=\"elementor-column elementor-col-100 elementor-top-column elementor-element elementor-element-d247796\" data-id=\"d247796\" data-element_type=\"column\" data-e-type=\"column\">\n\t\t\t<div class=\"elementor-widget-wrap elementor-element-populated\">\n\t\t\t\t\t\t<div class=\"elementor-element elementor-element-5216094 elementor-widget elementor-widget-heading\" data-id=\"5216094\" data-element_type=\"widget\" data-e-type=\"widget\" data-widget_type=\"heading.default\">\n\t\t\t\t<div class=\"elementor-widget-container\">\n\t\t\t\t\t<h5 class=\"elementor-heading-title elementor-size-default\">Tu pr\u00f3xima gran aventura empieza aqu\u00ed<\/h5>\t\t\t\t<\/div>\n\t\t\t\t<\/div>\n\t\t\t\t<div class=\"elementor-element elementor-element-406ec69 elementor-widget elementor-widget-heading\" data-id=\"406ec69\" data-element_type=\"widget\" data-e-type=\"widget\" data-widget_type=\"heading.default\">\n\t\t\t\t<div class=\"elementor-widget-container\">\n\t\t\t\t\t<h2 class=\"elementor-heading-title elementor-size-default\">Cursos de buceo en Gili Air<\/h2>\t\t\t\t<\/div>\n\t\t\t\t<\/div>\n\t\t\t\t\t<\/div>\n\t\t<\/div>\n\t\t\t\t\t<\/div>\n\t\t<\/section>\n\t\t\t\t<section class=\"elementor-section elementor-top-section elementor-element elementor-element-6ffb31c elementor-section-boxed elementor-section-height-default elementor-section-height-default\" data-id=\"6ffb31c\" data-element_type=\"section\" data-e-type=\"section\">\n\t\t\t\t\t\t<div class=\"elementor-container elementor-column-gap-wide\">\n\t\t\t\t\t<div class=\"elementor-column elementor-col-100 elementor-top-column elementor-element elementor-element-7bf4ab3 elementor-invisible\" data-id=\"7bf4ab3\" data-element_type=\"column\" data-e-type=\"column\" data-settings=\"{&quot;animation&quot;:&quot;fadeInRight&quot;}\">\n\t\t\t<div class=\"elementor-widget-wrap elementor-element-populated\">\n\t\t\t\t\t\t<div class=\"elementor-element elementor-element-9eaa4ad elementor-widget elementor-widget-heading\" data-id=\"9eaa4ad\" data-element_type=\"widget\" data-e-type=\"widget\" data-widget_type=\"heading.default\">\n\t\t\t\t<div class=\"elementor-widget-container\">\n\t\t\t\t\t<h3 class=\"elementor-heading-title elementor-size-default\">Nitrox<\/h3>\t\t\t\t<\/div>\n\t\t\t\t<\/div>\n\t\t\t\t<div class=\"elementor-element elementor-element-a4c7bc8 elementor-widget elementor-widget-text-editor\" data-id=\"a4c7bc8\" data-element_type=\"widget\" data-e-type=\"widget\" data-widget_type=\"text-editor.default\">\n\t\t\t\t<div class=\"elementor-widget-container\">\n\t\t\t\t\t\t\t\t\t<p>El aire enriquecido, tambi\u00e9n conocido como nitrox o EANx, contiene menos nitr\u00f3geno que el aire normal. Respirar menos nitr\u00f3geno significa que puedes disfrutar de inmersiones m\u00e1s largas y de intervalos de superficie m\u00e1s cortos.<\/p><p>Haz este curso si quieres:<\/p><ul><li>Obtener cargas de nitrox<\/li><li>Estar a profundidad m\u00e1s tiempo<\/li><li>Disfrutar de intervalos de superficie m\u00e1s cortos<\/li><\/ul><p>Aprender c\u00f3mo:<\/p><ul><li>Bucea con nitrox<\/li><li>Usa un analizador de ox\u00edgeno de aire<\/li><li>Configura tu ordenador de buceo<\/li><\/ul><p>Aprende por qu\u00e9 el nitrox te permite hacer inmersiones m\u00e1s largas y c\u00f3mo bucear con nitrox de forma segura a trav\u00e9s del estudio independiente en l\u00ednea. Re\u00fanete con tu Instructor para los ejercicios pr\u00e1cticos y luego haz dos inmersiones (opcionales).<\/p><p>Despu\u00e9s de finalizar tu estudio , aprender\u00e1s a analizar una botella, rellenar un registro de aire enriquecido y configurar tu ordenador de buceo para nitrox. Hay dos inmersiones opcionales.<\/p><p><strong>Prerrequisitos:<\/strong><\/p><p>* Open Water Diver (o certificaci\u00f3n calificada)<br \/>* Tiempo total de compromiso: 1-2 d\u00edas<br \/>* Edad m\u00ednima: 12 a\u00f1os o m\u00e1s<br \/>* Profundidad: 0<\/p>\t\t\t\t\t\t\t\t<\/div>\n\t\t\t\t<\/div>\n\t\t\t\t\t<\/div>\n\t\t<\/div>\n\t\t\t\t\t<\/div>\n\t\t<\/section>\n\t\t\t\t<section class=\"elementor-section elementor-top-section elementor-element elementor-element-42463f0 elementor-section-boxed elementor-section-height-default elementor-section-height-default\" data-id=\"42463f0\" data-element_type=\"section\" data-e-type=\"section\">\n\t\t\t\t\t\t<div class=\"elementor-container elementor-column-gap-default\">\n\t\t\t\t\t<div class=\"elementor-column elementor-col-100 elementor-top-column elementor-element elementor-element-963e8b5\" data-id=\"963e8b5\" data-element_type=\"column\" data-e-type=\"column\">\n\t\t\t<div class=\"elementor-widget-wrap elementor-element-populated\">\n\t\t\t\t\t\t<div class=\"elementor-element elementor-element-c770355 elementor-widget elementor-widget-heading\" data-id=\"c770355\" data-element_type=\"widget\" data-e-type=\"widget\" data-widget_type=\"heading.default\">\n\t\t\t\t<div class=\"elementor-widget-container\">\n\t\t\t\t\t<h3 class=\"elementor-heading-title elementor-size-default\">Rp 3.100.000<\/h3>\t\t\t\t<\/div>\n\t\t\t\t<\/div>\n\t\t\t\t<div class=\"elementor-element elementor-element-1289201 elementor-align-center elementor-widget elementor-widget-button\" data-id=\"1289201\" data-element_type=\"widget\" data-e-type=\"widget\" data-widget_type=\"button.default\">\n\t\t\t\t<div class=\"elementor-widget-container\">\n\t\t\t\t\t\t\t\t\t<div class=\"elementor-button-wrapper\">\n\t\t\t\t\t<a class=\"elementor-button elementor-button-link elementor-size-sm\" href=\"https:\/\/fourelements-ecodive.com\/contacto\/\">\n\t\t\t\t\t\t<span class=\"elementor-button-content-wrapper\">\n\t\t\t\t\t\t\t\t\t<span class=\"elementor-button-text\">RESERVA TU CURSO<\/span>\n\t\t\t\t\t<\/span>\n\t\t\t\t\t<\/a>\n\t\t\t\t<\/div>\n\t\t\t\t\t\t\t\t<\/div>\n\t\t\t\t<\/div>\n\t\t\t\t\t<\/div>\n\t\t<\/div>\n\t\t\t\t\t<\/div>\n\t\t<\/section>\n\t\t\t\t<\/div>\n\t\t","protected":false},"excerpt":{"rendered":"<p>Nitrox Diver Tu pr\u00f3xima gran aventura empieza aqu\u00ed Cursos de buceo en Gili Air Nitrox El aire enriquecido, tambi\u00e9n conocido como nitrox o EANx, contiene menos nitr\u00f3geno que el aire normal. Respirar menos nitr\u00f3geno significa que puedes disfrutar de inmersiones m\u00e1s largas y de intervalos de superficie m\u00e1s cortos. Haz este curso si quieres: Obtener [&hellip;]<\/p>\n","protected":false},"author":2,"featured_media":0,"parent":0,"menu_order":0,"comment_status":"closed","ping_status":"closed","template":"","meta":{"site-sidebar-layout":"no-sidebar","site-content-layout":"page-builder","ast-site-content-layout":"default","site-content-style":"default","site-sidebar-style":"default","ast-global-header-display":"","ast-banner-title-visibility":"","ast-main-header-display":"","ast-hfb-above-header-display":"","ast-hfb-below-header-display":"","ast-hfb-mobile-header-display":"","site-post-title":"disabled","ast-breadcrumbs-content":"","ast-featured-img":"disabled","footer-sml-layout":"","ast-disable-related-posts":"","theme-transparent-header-meta":"","adv-header-id-meta":"","stick-header-meta":"","header-above-stick-meta":"","header-main-stick-meta":"","header-below-stick-meta":"","astra-migrate-meta-layouts":"default","ast-page-background-enabled":"default","ast-page-background-meta":{"desktop":{"background-color":"var(--ast-global-color-4)","background-image":"","background-repeat":"repeat","background-position":"center center","background-size":"auto","background-attachment":"scroll","background-type":"","background-media":"","overlay-type":"","overlay-color":"","overlay-opacity":"","overlay-gradient":""},"tablet":{"background-color":"","background-image":"","background-repeat":"repeat","background-position":"center center","background-size":"auto","background-attachment":"scroll","background-type":"","background-media":"","overlay-type":"","overlay-color":"","overlay-opacity":"","overlay-gradient":""},"mobile":{"background-color":"","background-image":"","background-repeat":"repeat","background-position":"center center","background-size":"auto","background-attachment":"scroll","background-type":"","background-media":"","overlay-type":"","overlay-color":"","overlay-opacity":"","overlay-gradient":""}},"ast-content-background-meta":{"desktop":{"background-color":"var(--ast-global-color-5)","background-image":"","background-repeat":"repeat","background-position":"center center","background-size":"auto","background-attachment":"scroll","background-type":"","background-media":"","overlay-type":"","overlay-color":"","overlay-opacity":"","overlay-gradient":""},"tablet":{"background-color":"var(--ast-global-color-5)","background-image":"","background-repeat":"repeat","background-position":"center center","background-size":"auto","background-attachment":"scroll","background-type":"","background-media":"","overlay-type":"","overlay-color":"","overlay-opacity":"","overlay-gradient":""},"mobile":{"background-color":"var(--ast-global-color-5)","background-image":"","background-repeat":"repeat","background-position":"center center","background-size":"auto","background-attachment":"scroll","background-type":"","background-media":"","overlay-type":"","overlay-color":"","overlay-opacity":"","overlay-gradient":""}},"_joinchat":[],"footnotes":""},"class_list":["post-3687","page","type-page","status-publish","hentry"],"_links":{"self":[{"href":"https:\/\/fourelements-ecodive.com\/en\/wp-json\/wp\/v2\/pages\/3687","targetHints":{"allow":["GET"]}}],"collection":[{"href":"https:\/\/fourelements-ecodive.com\/en\/wp-json\/wp\/v2\/pages"}],"about":[{"href":"https:\/\/fourelements-ecodive.com\/en\/wp-json\/wp\/v2\/types\/page"}],"author":[{"embeddable":true,"href":"https:\/\/fourelements-ecodive.com\/en\/wp-json\/wp\/v2\/users\/2"}],"replies":[{"embeddable":true,"href":"https:\/\/fourelements-ecodive.com\/en\/wp-json\/wp\/v2\/comments?post=3687"}],"version-history":[{"count":3,"href":"https:\/\/fourelements-ecodive.com\/en\/wp-json\/wp\/v2\/pages\/3687\/revisions"}],"predecessor-version":[{"id":5629,"href":"https:\/\/fourelements-ecodive.com\/en\/wp-json\/wp\/v2\/pages\/3687\/revisions\/5629"}],"wp:attachment":[{"href":"https:\/\/fourelements-ecodive.com\/en\/wp-json\/wp\/v2\/media?parent=3687"}],"curies":[{"name":"wp","href":"https:\/\/api.w.org\/{rel}","templated":true}]}}